{"id":194,"date":"2022-12-22T04:47:18","date_gmt":"2022-12-22T04:47:18","guid":{"rendered":"https:\/\/esi-eutech-org-wordpress.rz.mup-digital.com\/?post_type=product&#038;p=194"},"modified":"2022-12-29T05:15:38","modified_gmt":"2022-12-29T05:15:38","slug":"front-end-developer-professional-certificate","status":"publish","type":"product","link":"https:\/\/esi.eutech.org\/de\/course\/front-end-developer-professional-certificate\/","title":{"rendered":"Front-End-Entwickler Professional Zertifikat"},"content":{"rendered":"<p>Starten Sie Ihre Karriere als Front-End-Entwickler. Erwerben Sie berufsreife F\u00e4higkeiten f\u00fcr eine gefragte Karriere und verdienen Sie einen Abschluss von Meta. F\u00fcr den Einstieg sind kein Abschluss und keine Vorkenntnisse erforderlich.<\/p>","protected":false},"excerpt":{"rendered":"<p>Starten Sie Ihre Karriere als Front-End-Entwickler. Erwerben Sie berufsreife F\u00e4higkeiten f\u00fcr eine gefragte Karriere und verdienen Sie einen Abschluss von Meta. F\u00fcr den Einstieg sind kein Abschluss und keine Vorkenntnisse erforderlich.<\/p>","protected":false},"featured_media":27,"comment_status":"open","ping_status":"closed","template":"","meta":[],"product_cat":[15],"product_tag":[],"class_list":["post-194","product","type-product","status-publish","has-post-thumbnail","hentry","product_cat-uncategorized"],"aioseo_notices":[],"_links":{"self":[{"href":"https:\/\/esi.eutech.org\/de\/wp-json\/wp\/v2\/product\/194","targetHints":{"allow":["GET"]}}],"collection":[{"href":"https:\/\/esi.eutech.org\/de\/wp-json\/wp\/v2\/product"}],"about":[{"href":"https:\/\/esi.eutech.org\/de\/wp-json\/wp\/v2\/types\/product"}],"replies":[{"embeddable":true,"href":"https:\/\/esi.eutech.org\/de\/wp-json\/wp\/v2\/comments?post=194"}],"wp:featuredmedia":[{"embeddable":true,"href":"https:\/\/esi.eutech.org\/de\/wp-json\/wp\/v2\/media\/27"}],"wp:attachment":[{"href":"https:\/\/esi.eutech.org\/de\/wp-json\/wp\/v2\/media?parent=194"}],"wp:term":[{"taxonomy":"product_cat","embeddable":true,"href":"https:\/\/esi.eutech.org\/de\/wp-json\/wp\/v2\/product_cat?post=194"},{"taxonomy":"product_tag","embeddable":true,"href":"https:\/\/esi.eutech.org\/de\/wp-json\/wp\/v2\/product_tag?post=194"}],"curies":[{"name":"wp","href":"https:\/\/api.w.org\/{rel}","templated":true}]}}