{"id":5270,"date":"2023-06-12T05:28:30","date_gmt":"2023-06-12T05:28:30","guid":{"rendered":"https:\/\/esi-eutech-org-wordpress.rz.mup-digital.com\/?page_id=5270"},"modified":"2023-06-12T06:27:10","modified_gmt":"2023-06-12T06:27:10","slug":"about-esi","status":"publish","type":"page","link":"https:\/\/esi.eutech.org\/de\/about-esi\/","title":{"rendered":"\u00dcber ESI"},"content":{"rendered":"<div data-elementor-type=\"wp-page\" data-elementor-id=\"5270\" class=\"elementor elementor-5270\" data-elementor-post-type=\"page\">\n\t\t\t\t\t\t\t\t\t<section class=\"elementor-section elementor-top-section elementor-element elementor-element-2e9f8ae elementor-section-height-min-height elementor-section-boxed elementor-section-height-default elementor-section-items-middle\" data-id=\"2e9f8ae\" data-element_type=\"section\">\n\t\t\t\t\t\t<div class=\"elementor-container elementor-column-gap-default\">\n\t\t\t\t\t<div class=\"elementor-column elementor-col-50 elementor-top-column elementor-element elementor-element-9ecd338\" data-id=\"9ecd338\" data-element_type=\"column\">\n\t\t\t<div class=\"elementor-widget-wrap elementor-element-populated\">\n\t\t\t\t\t\t\t\t<div class=\"elementor-element elementor-element-421e72d elementor-headline--style-highlight elementor-widget elementor-widget-animated-headline\" data-id=\"421e72d\" data-element_type=\"widget\" data-settings=\"{&quot;marker&quot;:&quot;underline&quot;,&quot;highlighted_text&quot;:&quot;About the&quot;,&quot;headline_style&quot;:&quot;highlight&quot;,&quot;loop&quot;:&quot;yes&quot;,&quot;highlight_animation_duration&quot;:1200,&quot;highlight_iteration_delay&quot;:8000}\" data-widget_type=\"animated-headline.default\">\n\t\t\t\t<div class=\"elementor-widget-container\">\n\t\t\t<link rel=\"stylesheet\" href=\"https:\/\/esi.eutech.org\/wp-content\/plugins\/elementor-pro\/assets\/css\/widget-animated-headline.min.css\">\t\t<h3 class=\"elementor-headline\">\n\t\t\t\t<span class=\"elementor-headline-dynamic-wrapper elementor-headline-text-wrapper\">\n\t\t\t\t\t<span class=\"elementor-headline-dynamic-text elementor-headline-text-active\">\u00dcber die<\/span>\n\t\t\t\t<\/span>\n\t\t\t\t\t<span class=\"elementor-headline-plain-text elementor-headline-text-wrapper\"> Europ\u00e4isches Institut f\u00fcr Nachhaltigkeit<\/span>\n\t\t\t\t\t<\/h3>\n\t\t\t\t<\/div>\n\t\t\t\t<\/div>\n\t\t\t\t<div class=\"elementor-element elementor-element-06f161e elementor-widget-tablet__width-initial elementor-widget elementor-widget-heading\" data-id=\"06f161e\" data-element_type=\"widget\" data-widget_type=\"heading.default\">\n\t\t\t\t<div class=\"elementor-widget-container\">\n\t\t\t<style>\/*! elementor - v3.17.0 - 08-11-2023 *\/\n.elementor-heading-title{padding:0;margin:0;line-height:1}.elementor-widget-heading .elementor-heading-title[class*=elementor-size-]>a{color:inherit;font-size:inherit;line-height:inherit}.elementor-widget-heading .elementor-heading-title.elementor-size-small{font-size:15px}.elementor-widget-heading .elementor-heading-title.elementor-size-medium{font-size:19px}.elementor-widget-heading .elementor-heading-title.elementor-size-large{font-size:29px}.elementor-widget-heading .elementor-heading-title.elementor-size-xl{font-size:39px}.elementor-widget-heading .elementor-heading-title.elementor-size-xxl{font-size:59px}<\/style><p class=\"elementor-heading-title elementor-size-default\">Das Europ\u00e4ische Institut f\u00fcr Nachhaltigkeit l\u00e4dt Sie ein, Ihr Fachwissen und Ihre Kenntnisse auf dem Gebiet der Nachhaltigkeit und des Umweltschutzes durch unser au\u00dfergew\u00f6hnliches Angebot an Online-Kursen und Zertifikatsprogrammen zu vertiefen. <br><br>Unser Angebot soll Ihnen die F\u00e4higkeiten vermitteln, die f\u00fcr eine erfolgreiche Umsetzung von Nachhaltigkeitsstrategien in Beruf und Gesellschaft unerl\u00e4sslich sind. Als unser gesch\u00e4tzter Kandidat werden Sie wirksame Umweltschutzmechanismen und nachhaltige Unternehmensf\u00fchrungspraktiken erlernen und entwickeln, die die soziale Verantwortung von Unternehmen, gr\u00fcne Energie und den Klimawandel umfassen. <\/p>\t\t<\/div>\n\t\t\t\t<\/div>\n\t\t\t\t<div class=\"elementor-element elementor-element-2fa970d elementor-align-justify elementor-widget__width-initial elementor-widget-mobile__width-inherit elementor-widget elementor-widget-button\" data-id=\"2fa970d\" data-element_type=\"widget\" data-widget_type=\"button.default\">\n\t\t\t\t<div class=\"elementor-widget-container\">\n\t\t\t\t\t<div class=\"elementor-button-wrapper\">\n\t\t\t<a class=\"elementor-button elementor-button-link elementor-size-sm\" href=\"https:\/\/esi-eutech-org-wordpress.rz.mup-digital.com\/about-esi\/\">\n\t\t\t\t\t\t<span class=\"elementor-button-content-wrapper\">\n\t\t\t\t\t\t<span class=\"elementor-button-text\">Mehr erfahren<\/span>\n\t\t<\/span>\n\t\t\t\t\t<\/a>\n\t\t<\/div>\n\t\t\t\t<\/div>\n\t\t\t\t<\/div>\n\t\t\t\t\t<\/div>\n\t\t<\/div>\n\t\t\t\t<div class=\"elementor-column elementor-col-50 elementor-top-column elementor-element elementor-element-20f25e1\" data-id=\"20f25e1\" data-element_type=\"column\">\n\t\t\t<div class=\"elementor-widget-wrap elementor-element-populated\">\n\t\t\t\t\t\t\t\t<div class=\"elementor-element elementor-element-5b1e20a elementor-widget elementor-widget-image\" data-id=\"5b1e20a\" data-element_type=\"widget\" data-widget_type=\"image.default\">\n\t\t\t\t<div class=\"elementor-widget-container\">\n\t\t\t<style>\/*! elementor - v3.17.0 - 08-11-2023 *\/\n.elementor-widget-image{text-align:center}.elementor-widget-image a{display:inline-block}.elementor-widget-image a img[src$=\".svg\"]{width:48px}.elementor-widget-image img{vertical-align:middle;display:inline-block}<\/style>\t\t\t\t\t\t\t\t\t\t\t\t<img loading=\"lazy\" decoding=\"async\" width=\"800\" height=\"600\" src=\"https:\/\/esi.eutech.org\/wp-content\/uploads\/2023\/06\/PHOTO-2023-06-07-12-06-32-1024x768.jpg\" class=\"attachment-large size-large wp-image-5301\" alt=\"\" srcset=\"https:\/\/esi.eutech.org\/wp-content\/uploads\/2023\/06\/PHOTO-2023-06-07-12-06-32-1024x768.jpg 1024w, https:\/\/esi.eutech.org\/wp-content\/uploads\/2023\/06\/PHOTO-2023-06-07-12-06-32-600x450.jpg 600w, https:\/\/esi.eutech.org\/wp-content\/uploads\/2023\/06\/PHOTO-2023-06-07-12-06-32-300x225.jpg 300w, https:\/\/esi.eutech.org\/wp-content\/uploads\/2023\/06\/PHOTO-2023-06-07-12-06-32-768x576.jpg 768w, https:\/\/esi.eutech.org\/wp-content\/uploads\/2023\/06\/PHOTO-2023-06-07-12-06-32-1536x1152.jpg 1536w, https:\/\/esi.eutech.org\/wp-content\/uploads\/2023\/06\/PHOTO-2023-06-07-12-06-32.jpg 2048w\" sizes=\"auto, (max-width: 800px) 100vw, 800px\" \/>\t\t\t\t\t\t\t\t\t\t\t\t\t\t\t<\/div>\n\t\t\t\t<\/div>\n\t\t\t\t<div class=\"elementor-element elementor-element-9cb783c elementor-absolute elementor-widget elementor-widget-image\" data-id=\"9cb783c\" data-element_type=\"widget\" data-settings=\"{&quot;_position&quot;:&quot;absolute&quot;}\" data-widget_type=\"image.default\">\n\t\t\t\t<div class=\"elementor-widget-container\">\n\t\t\t\t\t\t\t\t\t\t\t\t\t\t\t<img loading=\"lazy\" decoding=\"async\" width=\"417\" height=\"371\" src=\"https:\/\/esi.eutech.org\/wp-content\/uploads\/2023\/03\/edumall-shape-grid-dots.webp\" class=\"attachment-large size-large wp-image-5188\" alt=\"\" srcset=\"https:\/\/esi.eutech.org\/wp-content\/uploads\/2023\/03\/edumall-shape-grid-dots.webp 417w, https:\/\/esi.eutech.org\/wp-content\/uploads\/2023\/03\/edumall-shape-grid-dots-300x267.webp 300w\" sizes=\"auto, (max-width: 417px) 100vw, 417px\" \/>\t\t\t\t\t\t\t\t\t\t\t\t\t\t\t<\/div>\n\t\t\t\t<\/div>\n\t\t\t\t<div class=\"elementor-element elementor-element-a1071cc elementor-absolute elementor-widget elementor-widget-image\" data-id=\"a1071cc\" data-element_type=\"widget\" data-settings=\"{&quot;_position&quot;:&quot;absolute&quot;}\" data-widget_type=\"image.default\">\n\t\t\t\t<div class=\"elementor-widget-container\">\n\t\t\t\t\t\t\t\t\t\t\t\t\t\t\t<img loading=\"lazy\" decoding=\"async\" width=\"179\" height=\"178\" src=\"https:\/\/esi.eutech.org\/wp-content\/uploads\/2023\/03\/edumall-shape-01.webp\" class=\"attachment-large size-large wp-image-5189\" alt=\"\" srcset=\"https:\/\/esi.eutech.org\/wp-content\/uploads\/2023\/03\/edumall-shape-01.webp 179w, https:\/\/esi.eutech.org\/wp-content\/uploads\/2023\/03\/edumall-shape-01-100x100.webp 100w, https:\/\/esi.eutech.org\/wp-content\/uploads\/2023\/03\/edumall-shape-01-150x150.webp 150w\" sizes=\"auto, (max-width: 179px) 100vw, 179px\" \/>\t\t\t\t\t\t\t\t\t\t\t\t\t\t\t<\/div>\n\t\t\t\t<\/div>\n\t\t\t\t\t<\/div>\n\t\t<\/div>\n\t\t\t\t\t\t\t<\/div>\n\t\t<\/section>\n\t\t\t\t<section class=\"elementor-section elementor-top-section elementor-element elementor-element-d573ae1 elementor-section-height-min-height elementor-section-items-stretch elementor-section-boxed elementor-section-height-default\" data-id=\"d573ae1\" data-element_type=\"section\" data-settings=\"{&quot;background_background&quot;:&quot;classic&quot;}\">\n\t\t\t\t\t\t<div class=\"elementor-container elementor-column-gap-default\">\n\t\t\t\t\t<div class=\"elementor-column elementor-col-50 elementor-top-column elementor-element elementor-element-e1b7252\" data-id=\"e1b7252\" data-element_type=\"column\" data-settings=\"{&quot;background_background&quot;:&quot;classic&quot;}\">\n\t\t\t<div class=\"elementor-widget-wrap elementor-element-populated\">\n\t\t\t\t\t\t\t\t<div class=\"elementor-element elementor-element-cb7b94d elementor-headline--style-highlight elementor-widget elementor-widget-animated-headline\" data-id=\"cb7b94d\" data-element_type=\"widget\" data-settings=\"{&quot;marker&quot;:&quot;underline&quot;,&quot;highlighted_text&quot;:&quot;Pillar 1: &quot;,&quot;headline_style&quot;:&quot;highlight&quot;,&quot;loop&quot;:&quot;yes&quot;,&quot;highlight_animation_duration&quot;:1200,&quot;highlight_iteration_delay&quot;:8000}\" data-widget_type=\"animated-headline.default\">\n\t\t\t\t<div class=\"elementor-widget-container\">\n\t\t\t\t\t<h3 class=\"elementor-headline\">\n\t\t\t\t<span class=\"elementor-headline-dynamic-wrapper elementor-headline-text-wrapper\">\n\t\t\t\t\t<span class=\"elementor-headline-dynamic-text elementor-headline-text-active\">Pfeiler 1: <\/span>\n\t\t\t\t<\/span>\n\t\t\t\t\t<span class=\"elementor-headline-plain-text elementor-headline-text-wrapper\">Fortlaufende praxisorientierte Schulungsprogramme<\/span>\n\t\t\t\t\t<\/h3>\n\t\t\t\t<\/div>\n\t\t\t\t<\/div>\n\t\t\t\t<div class=\"elementor-element elementor-element-e45375f elementor-widget elementor-widget-text-editor\" data-id=\"e45375f\" data-element_type=\"widget\" data-widget_type=\"text-editor.default\">\n\t\t\t\t<div class=\"elementor-widget-container\">\n\t\t\t<style>\/*! elementor - v3.17.0 - 08-11-2023 *\/\n.elementor-widget-text-editor.elementor-drop-cap-view-stacked .elementor-drop-cap{background-color:#69727d;color:#fff}.elementor-widget-text-editor.elementor-drop-cap-view-framed .elementor-drop-cap{color:#69727d;border:3px solid;background-color:transparent}.elementor-widget-text-editor:not(.elementor-drop-cap-view-default) .elementor-drop-cap{margin-top:8px}.elementor-widget-text-editor:not(.elementor-drop-cap-view-default) .elementor-drop-cap-letter{width:1em;height:1em}.elementor-widget-text-editor .elementor-drop-cap{float:left;text-align:center;line-height:1;font-size:50px}.elementor-widget-text-editor .elementor-drop-cap-letter{display:inline-block}<\/style>\t\t\t\t<ul>\n<li>Projektleitung: ESI bietet kontinuierliche Schulungsprogramme im Bereich Projektmanagement an, die darauf abzielen, die F\u00e4higkeiten und das Wissen der Teilnehmer \u00fcber effektives Projektmanagement zu verbessern. Die Programme sind praxisorientiert gestaltet und auf die spezifischen Anforderungen und Herausforderungen von Unternehmen zugeschnitten.<\/li><\/ul><div><br><\/div><ul>\n<li>Steigerung der Rentabilit\u00e4t: ESI entwickelt und bietet Trainingsprogramme an, die auf die Verbesserung der Rentabilit\u00e4t von Unternehmen abzielen. Dabei werden verschiedene Aspekte wie Kostensenkung, Effizienzsteigerung und optimierter Einsatz von Ressourcen behandelt.<\/li><\/ul><div><br><\/div><ul>\n<li>Spezialisierte Kurse: ESI bietet auch Spezialkurse an, die auf bestimmte Themen zugeschnitten sind, wie z. B. Building Information Modeling (BIM) oder ESG-Kurse (Environmental, Social and Governance). Diese Kurse erm\u00f6glichen es Unternehmen und ihren Mitarbeitern, ihre Kenntnisse und F\u00e4higkeiten in bestimmten Bereichen zu erweitern.<\/li>\n<\/ul>\t\t\t\t\t\t<\/div>\n\t\t\t\t<\/div>\n\t\t\t\t<div class=\"elementor-element elementor-element-c226e43 elementor-headline--style-highlight elementor-widget elementor-widget-animated-headline\" data-id=\"c226e43\" data-element_type=\"widget\" data-settings=\"{&quot;marker&quot;:&quot;underline&quot;,&quot;highlighted_text&quot;:&quot;By structuring the  European Sustainability Institute (ESI)&quot;,&quot;headline_style&quot;:&quot;highlight&quot;,&quot;loop&quot;:&quot;yes&quot;,&quot;highlight_animation_duration&quot;:1200,&quot;highlight_iteration_delay&quot;:8000}\" data-widget_type=\"animated-headline.default\">\n\t\t\t\t<div class=\"elementor-widget-container\">\n\t\t\t\t\t<h3 class=\"elementor-headline\">\n\t\t\t\t<span class=\"elementor-headline-dynamic-wrapper elementor-headline-text-wrapper\">\n\t\t\t\t\t<span class=\"elementor-headline-dynamic-text elementor-headline-text-active\">Durch die Strukturierung des Europ\u00e4ischen Instituts f\u00fcr Nachhaltigkeit (ESI)<\/span>\n\t\t\t\t<\/span>\n\t\t\t\t\t<span class=\"elementor-headline-plain-text elementor-headline-text-wrapper\"> Im Rahmen dieser drei S\u00e4ulen wird ein umfassendes Angebot an Aus- und Weiterbildungsm\u00f6glichkeiten geschaffen, um Unternehmen und ihre Mitarbeiter bei der Verbesserung ihrer F\u00e4higkeiten, ihres Wissens und ihrer Nachhaltigkeitspraktiken zu unterst\u00fctzen.<\/span>\n\t\t\t\t\t<\/h3>\n\t\t\t\t<\/div>\n\t\t\t\t<\/div>\n\t\t\t\t\t<\/div>\n\t\t<\/div>\n\t\t\t\t<div class=\"elementor-column elementor-col-50 elementor-top-column elementor-element elementor-element-d182922\" data-id=\"d182922\" data-element_type=\"column\" data-settings=\"{&quot;background_background&quot;:&quot;classic&quot;}\">\n\t\t\t<div class=\"elementor-widget-wrap elementor-element-populated\">\n\t\t\t\t\t\t\t\t<div class=\"elementor-element elementor-element-cb20807 elementor-headline--style-highlight elementor-widget elementor-widget-animated-headline\" data-id=\"cb20807\" data-element_type=\"widget\" data-settings=\"{&quot;marker&quot;:&quot;underline&quot;,&quot;highlighted_text&quot;:&quot;Pillar 2: &quot;,&quot;headline_style&quot;:&quot;highlight&quot;,&quot;loop&quot;:&quot;yes&quot;,&quot;highlight_animation_duration&quot;:1200,&quot;highlight_iteration_delay&quot;:8000}\" data-widget_type=\"animated-headline.default\">\n\t\t\t\t<div class=\"elementor-widget-container\">\n\t\t\t\t\t<h3 class=\"elementor-headline\">\n\t\t\t\t<span class=\"elementor-headline-dynamic-wrapper elementor-headline-text-wrapper\">\n\t\t\t\t\t<span class=\"elementor-headline-dynamic-text elementor-headline-text-active\">Pfeiler 2: <\/span>\n\t\t\t\t<\/span>\n\t\t\t\t\t<span class=\"elementor-headline-plain-text elementor-headline-text-wrapper\">Hybridseminare in Zusammenarbeit mit der ICP Ingenieurgesellschaft mbH<\/span>\n\t\t\t\t\t<\/h3>\n\t\t\t\t<\/div>\n\t\t\t\t<\/div>\n\t\t\t\t<div class=\"elementor-element elementor-element-9799aeb elementor-widget elementor-widget-text-editor\" data-id=\"9799aeb\" data-element_type=\"widget\" data-widget_type=\"text-editor.default\">\n\t\t\t\t<div class=\"elementor-widget-container\">\n\t\t\t\t\t\t\t<ul><li>In Zusammenarbeit mit der ICP Ingenieurgesellschaft mbH organisiert ESI Hybrid-Seminare zu ausgew\u00e4hlten Themen. Diese Seminare kombinieren physische Veranstaltungen mit Streaming-M\u00f6glichkeiten, um eine breitere Teilnahme und Flexibilit\u00e4t zu erm\u00f6glichen. Durch diese Kooperation wird das Fachwissen beider Organisationen geb\u00fcndelt, um qualitativ hochwertige Schulungserfahrungen anzubieten.<\/li><\/ul>\t\t\t\t\t\t<\/div>\n\t\t\t\t<\/div>\n\t\t\t\t<div class=\"elementor-element elementor-element-7fce042 elementor-headline--style-highlight elementor-widget elementor-widget-animated-headline\" data-id=\"7fce042\" data-element_type=\"widget\" data-settings=\"{&quot;marker&quot;:&quot;underline&quot;,&quot;highlighted_text&quot;:&quot;Pillar 3: &quot;,&quot;headline_style&quot;:&quot;highlight&quot;,&quot;loop&quot;:&quot;yes&quot;,&quot;highlight_animation_duration&quot;:1200,&quot;highlight_iteration_delay&quot;:8000}\" data-widget_type=\"animated-headline.default\">\n\t\t\t\t<div class=\"elementor-widget-container\">\n\t\t\t\t\t<h3 class=\"elementor-headline\">\n\t\t\t\t<span class=\"elementor-headline-dynamic-wrapper elementor-headline-text-wrapper\">\n\t\t\t\t\t<span class=\"elementor-headline-dynamic-text elementor-headline-text-active\">Pfeiler 3: <\/span>\n\t\t\t\t<\/span>\n\t\t\t\t\t<span class=\"elementor-headline-plain-text elementor-headline-text-wrapper\">Ausbildungs- und Entwicklungsaktivit\u00e4ten in Zusammenarbeit mit gro\u00dfen europ\u00e4ischen Unternehmen<\/span>\n\t\t\t\t\t<\/h3>\n\t\t\t\t<\/div>\n\t\t\t\t<\/div>\n\t\t\t\t<div class=\"elementor-element elementor-element-b7fbcaf elementor-widget elementor-widget-text-editor\" data-id=\"b7fbcaf\" data-element_type=\"widget\" data-widget_type=\"text-editor.default\">\n\t\t\t\t<div class=\"elementor-widget-container\">\n\t\t\t\t\t\t\t<ul><li>ESI arbeitet eng mit gro\u00dfen europ\u00e4ischen Unternehmen zusammen, um ein breites Spektrum an Aus- und Weiterbildungsaktivit\u00e4ten anzubieten. Diese Zusammenarbeit erm\u00f6glicht es ESI, ma\u00dfgeschneiderte Programme zu entwickeln, die den spezifischen Bed\u00fcrfnissen und Anforderungen der Unternehmen entsprechen. Zu den Aktivit\u00e4ten geh\u00f6ren zum Beispiel Schulungen, Workshops, Mentorenprogramme und andere Formen des Wissenstransfers.<\/li><\/ul>\t\t\t\t\t\t<\/div>\n\t\t\t\t<\/div>\n\t\t\t\t<div class=\"elementor-element elementor-element-73cf6ec elementor-widget elementor-widget-image\" data-id=\"73cf6ec\" data-element_type=\"widget\" data-widget_type=\"image.default\">\n\t\t\t\t<div class=\"elementor-widget-container\">\n\t\t\t\t\t\t\t\t\t\t\t\t\t\t\t<img loading=\"lazy\" decoding=\"async\" width=\"330\" height=\"63\" src=\"https:\/\/esi.eutech.org\/wp-content\/uploads\/2023\/01\/Group-50-1.svg\" class=\"attachment-full size-full wp-image-4169\" alt=\"\" \/>\t\t\t\t\t\t\t\t\t\t\t\t\t\t\t<\/div>\n\t\t\t\t<\/div>\n\t\t\t\t\t<\/div>\n\t\t<\/div>\n\t\t\t\t\t\t\t<\/div>\n\t\t<\/section>\n\t\t\t\t\t\t\t<\/div>","protected":false},"excerpt":{"rendered":"<p>\u00dcber das Europ\u00e4ische Institut f\u00fcr Nachhaltigkeit Das Europ\u00e4ische Institut f\u00fcr Nachhaltigkeit l\u00e4dt Sie ein, Ihr Fachwissen und Ihre Kenntnisse auf dem Gebiet der Nachhaltigkeit und des Umweltschutzes durch unser au\u00dfergew\u00f6hnliches Angebot an Online-Kursen und Zertifikatsprogrammen zu erweitern. Unsere Angebote sollen Sie mit den F\u00e4higkeiten ausstatten, die f\u00fcr die erfolgreiche Umsetzung von Nachhaltigkeitsma\u00dfnahmen sowohl in Ihrem Beruf [...]<\/p>","protected":false},"author":1,"featured_media":0,"parent":0,"menu_order":0,"comment_status":"closed","ping_status":"closed","template":"","meta":{"footnotes":""},"page-type":[33],"class_list":["post-5270","page","type-page","status-publish","hentry","page-type-public"],"aioseo_notices":[],"_links":{"self":[{"href":"https:\/\/esi.eutech.org\/de\/wp-json\/wp\/v2\/pages\/5270","targetHints":{"allow":["GET"]}}],"collection":[{"href":"https:\/\/esi.eutech.org\/de\/wp-json\/wp\/v2\/pages"}],"about":[{"href":"https:\/\/esi.eutech.org\/de\/wp-json\/wp\/v2\/types\/page"}],"author":[{"embeddable":true,"href":"https:\/\/esi.eutech.org\/de\/wp-json\/wp\/v2\/users\/1"}],"replies":[{"embeddable":true,"href":"https:\/\/esi.eutech.org\/de\/wp-json\/wp\/v2\/comments?post=5270"}],"version-history":[{"count":7,"href":"https:\/\/esi.eutech.org\/de\/wp-json\/wp\/v2\/pages\/5270\/revisions"}],"predecessor-version":[{"id":5313,"href":"https:\/\/esi.eutech.org\/de\/wp-json\/wp\/v2\/pages\/5270\/revisions\/5313"}],"wp:attachment":[{"href":"https:\/\/esi.eutech.org\/de\/wp-json\/wp\/v2\/media?parent=5270"}],"wp:term":[{"taxonomy":"page-type","embeddable":true,"href":"https:\/\/esi.eutech.org\/de\/wp-json\/wp\/v2\/page-type?post=5270"}],"curies":[{"name":"wp","href":"https:\/\/api.w.org\/{rel}","templated":true}]}}